{"id":24063,"date":"2014-10-03T13:46:35","date_gmt":"2014-10-03T13:46:35","guid":{"rendered":"http:\/\/subaruequip.ca\/about-us\/contact-us\/?lang=fr"},"modified":"2018-01-17T21:18:14","modified_gmt":"2018-01-17T21:18:14","slug":"contactez-nous","status":"publish","type":"page","link":"https:\/\/subaruequip.ca\/fr\/propos-de-nous\/contactez-nous\/","title":{"rendered":"Contactez-nous"},"content":{"rendered":"<div class=\"wpb-content-wrapper\">[vc_row][vc_column][vc_empty_space height=\u00a0\u00bb30px\u00a0\u00bb][\/vc_column][\/vc_row][vc_row][vc_column][vc_column_text]<span style=\"font-size: 36px;\"><strong>Contactez-nous!<\/strong><\/span>[\/vc_column_text][vc_empty_space height=\u00a0\u00bb10px\u00a0\u00bb][\/vc_column][\/vc_row][vc_row][vc_column width=\u00a0\u00bb1\/2&Prime;]<div class='gf_submission_limit_message'><p>D\u00e9sol\u00e9. Ce formulaire n\u2019accepte plus de nouvelles soumissions.<\/p><\/div>[vc_column_text]<span style=\"font-size: 14px;\">Vous cherchez \u00e0 <a href=\"\/fr\/points-de-vente\/\">acheter<\/a>? Trouver un <a title=\"Dealer Locator\" href=\"\/fr\/points-de-vente\/\">distributeur<\/a> dans votre r\u00e9gions.<\/span><\/p>\n<p><span style=\"font-size: 14px;\">Besoin d&rsquo;un <a title=\"Service &amp; Support\" href=\"\/fr\/support-et-service\/\">service et de soutien<\/a>? Trouver des options \u00e0 proximit\u00e9.<\/span><\/p>\n<p><span style=\"font-size: 14px;\">Si vous \u00eates \u00e0 la recherche d&rsquo;un distributeur Subaru \u00e0 l&rsquo;ext\u00e9rieur des \u00c9tats-Unis ou au Canada, s&rsquo;il vous pla\u00eet consulter le site Web de notre <a href=\"http:\/\/www.subarupower-global.com\" target=\"_blank\" rel=\"noopener\">soci\u00e9t\u00e9 m\u00e8re<\/a> pour le distributeur en gros pour votre pays.<\/span>[\/vc_column_text][\/vc_column][vc_column width=\u00a0\u00bb1\/2&Prime;][vc_column_text]<span style=\"font-size: 18px;\"><strong>MarIndustri<\/strong><strong>\u00c6<\/strong><strong>l (Montreal, QC)<\/strong><\/span><\/p>\n<p><span style=\"font-size: 14px; font-family: arial, helvetica, sans-serif;\">8550, Delmeade street<br \/>\n<\/span><span style=\"font-size: 14px; font-family: arial, helvetica, sans-serif;\">Montreal (Quebec) H4T 1L7<br \/>\n<\/span><span style=\"font-size: 14px; font-family: arial, helvetica, sans-serif;\">T\u00e9l: (514) 342-2748<br \/>\nSans frais: (800) 363-2259<br \/>\n<\/span><span style=\"font-size: 14px; font-family: arial, helvetica, sans-serif;\">T\u00e9l\u00e9copieur: (514) 342-6151<\/span>[\/vc_column_text][vc_empty_space height=\u00a0\u00bb15px\u00a0\u00bb][vc_gmaps link=\u00a0\u00bb#E-8_JTNDaWZyYW1lJTIwc3JjJTNEJTIyaHR0cHMlM0ElMkYlMkZ3d3cuZ29vZ2xlLmNvbSUyRm1hcHMlMkZlbWJlZCUzRnBiJTNEJTIxMW0xOCUyMTFtMTIlMjExbTMlMjExZDI3OTYuOTg0OTA0MDg3NDA2JTIxMmQtNzMuNjgwMzc2Njg0OTQxNTYlMjEzZDQ1LjQ5MDI0ODczOTcyNjglMjEybTMlMjExZjAlMjEyZjAlMjEzZjAlMjEzbTIlMjExaTEwMjQlMjEyaTc2OCUyMTRmMTMuMSUyMTNtMyUyMTFtMiUyMTFzMHg0Y2M5MTc4NjQ5OGU5ZDNkJTI1M0EweDQ2NzEwYzBjY2ZlZjc0YTIlMjEyczg1NTAlMkJDaGVtaW4lMkJEZWxtZWFkZSUyNTJDJTJCTW9udC1Sb3lhbCUyNTJDJTJCUUMlMkJINFQlMkIxTDclMjE1ZTAlMjEzbTIlMjExc2VuJTIxMnNjYSUyMTR2MTQ3MDI1MTI2MDAwNCUyMiUyMHdpZHRoJTNEJTIyNjAwJTIyJTIwaGVpZ2h0JTNEJTIyNDUwJTIyJTIwZnJhbWVib3JkZXIlM0QlMjIwJTIyJTIwc3R5bGUlM0QlMjJib3JkZXIlM0EwJTIyJTIwYWxsb3dmdWxsc2NyZWVuJTNFJTNDJTJGaWZyYW1lJTNF\u00a0\u00bb][vc_empty_space height=\u00a0\u00bb15px\u00a0\u00bb][vc_separator][vc_empty_space height=\u00a0\u00bb15px\u00a0\u00bb][vc_column_text]<span style=\"font-size: 18px;\"><strong>MarIndustri<\/strong><strong>\u00c6<\/strong><strong>l (Moncton, NB)<\/strong><\/span><\/p>\n<p><span style=\"font-size: 14px; font-family: arial, helvetica, sans-serif;\">80 Harrisville blv., Unit A,<br \/>\nMoncton (New-Brunswick) E1H 3N4<br \/>\n<\/span><span style=\"font-size: 14px; font-family: arial, helvetica, sans-serif;\">T\u00e9l : (506) 852-3332<br \/>\nSans frais: (800) 463-3332<br \/>\n<\/span><span style=\"font-size: 14px; font-family: arial, helvetica, sans-serif;\">T\u00e9l\u00e9copieur: (506)\u00a0857-8484<\/span>[\/vc_column_text][vc_empty_space height=\u00a0\u00bb15px\u00a0\u00bb][vc_gmaps link=\u00a0\u00bb#E-8_JTNDaWZyYW1lJTIwc3JjJTNEJTIyaHR0cHMlM0ElMkYlMkZ3d3cuZ29vZ2xlLmNvbSUyRm1hcHMlMkZlbWJlZCUzRnBiJTNEJTIxMW0xOCUyMTFtMTIlMjExbTMlMjExZDEzODIuNDc4MDQzNjgyOTA3NiUyMTJkLTY0LjczMTU5NzM0MTU1Nzc5JTIxM2Q0Ni4xMzE3MDQ1OTQ3Nzg2NCUyMTJtMyUyMTFmMCUyMTJmMCUyMTNmMCUyMTNtMiUyMTFpMTAyNCUyMTJpNzY4JTIxNGYxMy4xJTIxM20zJTIxMW0yJTIxMXMweDRjYTBiZTYwMDBmZTJhNWQlMjUzQTB4NzU2MWE0MjE1OTlkNTdiZCUyMTJzTWFyaW5kdXN0cmlhbCUyMTVlMCUyMTNtMiUyMTFzZnIlMjEyc2NhJTIxNHYxNDc0Mzk1MzEwODA3JTIyJTIwd2lkdGglM0QlMjI2MDAlMjIlMjBoZWlnaHQlM0QlMjI0NTAlMjIlMjBmcmFtZWJvcmRlciUzRCUyMjAlMjIlMjBzdHlsZSUzRCUyMmJvcmRlciUzQTAlMjIlMjBhbGxvd2Z1bGxzY3JlZW4lM0UlM0MlMkZpZnJhbWUlM0U=\u00a0\u00bb][vc_empty_space height=\u00a0\u00bb15px\u00a0\u00bb][vc_separator][vc_empty_space height=\u00a0\u00bb15px\u00a0\u00bb][vc_column_text]<span style=\"font-size: 18px;\"><strong>DAC Industrial Engines (Dartmouth, NS)<\/strong><\/span><\/p>\n<p><span style=\"font-size: 14px; font-family: arial, helvetica, sans-serif;\">10 Akerley Boulevard &#8211; Suite 61<br \/>\nDartmouth\u00a0(Nova Scotia)\u00a0B3B 1J4<br \/>\n<\/span><span style=\"font-size: 14px; font-family: arial, helvetica, sans-serif;\">T\u00e9l : (902)\u00a0468.5642<br \/>\nSans frais: (800)\u00a0468.3765<br \/>\n<\/span><span style=\"font-size: 14px; font-family: arial, helvetica, sans-serif;\">T\u00e9l\u00e9copieur: (902) 468.3897<\/span>[\/vc_column_text][vc_empty_space height=\u00a0\u00bb15px\u00a0\u00bb][vc_gmaps link=\u00a0\u00bb#E-8_JTNDaWZyYW1lJTIwc3JjJTNEJTIyaHR0cHMlM0ElMkYlMkZ3d3cuZ29vZ2xlLmNvbSUyRm1hcHMlMkZlbWJlZCUzRnBiJTNEJTIxMW0xOCUyMTFtMTIlMjExbTMlMjExZDI4MzUuNzM0Mzk3ODQ0OTUwOCUyMTJkLTYzLjYxMjA0Njk4MzU3MTc2NiUyMTNkNDQuNzA0NjIxMjc5MDk5MjM2JTIxMm0zJTIxMWYwJTIxMmYwJTIxM2YwJTIxM20yJTIxMWkxMDI0JTIxMmk3NjglMjE0ZjEzLjElMjEzbTMlMjExbTIlMjExczB4NGI1YTI3MmY2M2VkNjkyMSUyNTNBMHhiZWQ1NTYxYWM2MTcxMDExJTIxMnMxMCUyQkFrZXJsZXklMkJCbHZkJTI1MkMlMkJEYXJ0bW91dGglMjUyQyUyQk5TJTJCQjNCJTIxNWUwJTIxM20yJTIxMXNmciUyMTJzY2ElMjE0djE0NzQzOTU0Mjk3NjAlMjIlMjB3aWR0aCUzRCUyMjYwMCUyMiUyMGhlaWdodCUzRCUyMjQ1MCUyMiUyMGZyYW1lYm9yZGVyJTNEJTIyMCUyMiUyMHN0eWxlJTNEJTIyYm9yZGVyJTNBMCUyMiUyMGFsbG93ZnVsbHNjcmVlbiUzRSUzQyUyRmlmcmFtZSUzRQ==\u00a0\u00bb][vc_empty_space height=\u00a0\u00bb15px\u00a0\u00bb][vc_separator][vc_empty_space height=\u00a0\u00bb15px\u00a0\u00bb][vc_column_text]<span style=\"font-size: 18px;\"><strong>MarIndustri\u00c6l (Mississauga, ON)<\/strong><\/span><\/p>\n<p><span style=\"font-size: 14px; font-family: arial, helvetica, sans-serif;\">4090 Ridgeway Drive, Unit\u00e9 #8,<br \/>\nMississauga\u00a0(Ontario) L5L 5X5<br \/>\n<\/span><span style=\"font-size: 14px; font-family: arial, helvetica, sans-serif;\">T\u00e9l : (905)\u00a0607-5052<br \/>\nSans frais: (800)\u00a0866-3831<br \/>\n<\/span><span style=\"font-size: 14px; font-family: arial, helvetica, sans-serif;\">T\u00e9l\u00e9copieur: (905)\u00a0607-8013<\/span>[\/vc_column_text][vc_empty_space height=\u00a0\u00bb15px\u00a0\u00bb][vc_gmaps link=\u00a0\u00bb#E-8_JTNDaWZyYW1lJTIwc3JjJTNEJTIyaHR0cHMlM0ElMkYlMkZ3d3cuZ29vZ2xlLmNvbSUyRm1hcHMlMkZlbWJlZCUzRnBiJTNEJTIxMW0xOCUyMTFtMTIlMjExbTMlMjExZDI4OTIuNzQ5NTYzNDkyMDUxJTIxMmQtNzkuNzE5MDE3MTg0NzE2NzglMjEzZDQzLjUyODQxNDg2ODUwOTEzJTIxMm0zJTIxMWYwJTIxMmYwJTIxM2YwJTIxM20yJTIxMWkxMDI0JTIxMmk3NjglMjE0ZjEzLjElMjEzbTMlMjExbTIlMjExczB4ODgyYjQyNDJiMDE4YWQyZCUyNTNBMHhkZjgwOWM5ZGU5MzIxZGM5JTIxMnM0MDkwJTJCUmlkZ2V3YXklMkJEciUyQiUyNTIzOCUyNTJDJTJCTWlzc2lzc2F1Z2ElMjUyQyUyQk9OJTJCTDVMJTJCNVg1JTIxNWUwJTIxM20yJTIxMXNmciUyMTJzY2ElMjE0djE1MTYyMjM4NzA3MDklMjIlMjB3aWR0aCUzRCUyMjYwMCUyMiUyMGhlaWdodCUzRCUyMjQ1MCUyMiUyMGZyYW1lYm9yZGVyJTNEJTIyMCUyMiUyMHN0eWxlJTNEJTIyYm9yZGVyJTNBMCUyMiUyMGFsbG93ZnVsbHNjcmVlbiUzRSUzQyUyRmlmcmFtZSUzRQ==\u00a0\u00bb][\/vc_column][\/vc_row][vc_row][vc_column][vc_empty_space][\/vc_column][\/vc_row]\n<script language='javascript' type='text\/javascript'>function getWR360License(){return 'https:\/\/subaruequip.ca\/wp-content\/plugins\/webrotate-360-product-viewer\/license.lic';}function getWR360PopupSkin(){return 'pp_default';}function getWR360GraphicsPath(){return 'https:\/\/subaruequip.ca\/wp-content\/plugins\/webrotate-360-product-viewer\/imagerotator\/html\/img\/thin';}<\/script><\/div> ","protected":false},"excerpt":{"rendered":"<p>[vc_row][vc_column][vc_empty_space height=\u00a0\u00bb30px\u00a0\u00bb][\/vc_column][\/vc_row][vc_row][vc_column][vc_column_text]Contactez-nous![\/vc_column_text][vc_empty_space height=\u00a0\u00bb10px\u00a0\u00bb][\/vc_column][\/vc_row][vc_row][vc_column width=\u00a0\u00bb1\/2&Prime;][vc_column_text]Vous cherchez \u00e0 acheter? Trouver un distributeur dans votre r\u00e9gions. Besoin d&rsquo;un service et de soutien? Trouver des options \u00e0 proximit\u00e9. Si vous \u00eates \u00e0 la recherche d&rsquo;un distributeur Subaru \u00e0 l&rsquo;ext\u00e9rieur des \u00c9tats-Unis ou au Canada,&hellip;<\/p>\n","protected":false},"author":1,"featured_media":0,"parent":24050,"menu_order":0,"comment_status":"open","ping_status":"closed","template":"","meta":[],"_links":{"self":[{"href":"https:\/\/subaruequip.ca\/fr\/wp-json\/wp\/v2\/pages\/24063\/"}],"collection":[{"href":"https:\/\/subaruequip.ca\/fr\/wp-json\/wp\/v2\/pages\/"}],"about":[{"href":"https:\/\/subaruequip.ca\/fr\/wp-json\/wp\/v2\/types\/page\/"}],"author":[{"embeddable":true,"href":"https:\/\/subaruequip.ca\/fr\/wp-json\/wp\/v2\/users\/1\/"}],"replies":[{"embeddable":true,"href":"https:\/\/subaruequip.ca\/fr\/wp-json\/wp\/v2\/comments\/?post=24063"}],"version-history":[{"count":0,"href":"https:\/\/subaruequip.ca\/fr\/wp-json\/wp\/v2\/pages\/24063\/revisions\/"}],"up":[{"embeddable":true,"href":"https:\/\/subaruequip.ca\/fr\/wp-json\/wp\/v2\/pages\/24050\/"}],"wp:attachment":[{"href":"https:\/\/subaruequip.ca\/fr\/wp-json\/wp\/v2\/media\/?parent=24063"}],"curies":[{"name":"wp","href":"https:\/\/api.w.org\/{rel}","templated":true}]}}