{"id":24089,"date":"2014-07-09T18:27:40","date_gmt":"2014-07-09T18:27:40","guid":{"rendered":"http:\/\/subaruequip.ca\/marketing-support\/?lang=fr"},"modified":"2017-02-06T17:59:44","modified_gmt":"2017-02-06T17:59:44","slug":"support-marketing","status":"publish","type":"page","link":"https:\/\/subaruequip.ca\/fr\/support-marketing\/","title":{"rendered":"Support marketing"},"content":{"rendered":"<div class=\"wpb-content-wrapper\">[vc_row][vc_column][vc_empty_space height=\u00a0\u00bb30px\u00a0\u00bb][\/vc_column][\/vc_row][vc_row][vc_column width=\u00a0\u00bb5\/6&Prime;][vc_column_text]<span style=\"font-size: 36px; color: #56564c;\"><strong>Support marketing<\/strong><\/span>[\/vc_column_text][vc_column_text]<span style=\"font-size: 18px;\">Merci de votre int\u00e9r\u00eat \u00e0 l&rsquo;\u00e9gard des produits industriels de puissance Subaru! Veuillez utiliser les ressources suivantes afin de promouvoir les produits Subaru dans votre commerce ou site d&rsquo;application.<\/span><\/p>\n<p><span style=\"font-size: 18px;\">Vous cherchez plus d&rsquo;information? <a title=\"Contact Us\" href=\"\/fr\/contactez-nous\">Contactez-nous<\/a>.<\/span>[\/vc_column_text][vc_empty_space height=\u00a0\u00bb30px\u00a0\u00bb][\/vc_column][vc_column width=\u00a0\u00bb1\/6&Prime;][\/vc_column][\/vc_row][vc_row][vc_column width=\u00a0\u00bb1\/2&Prime; padding_right=\u00a0\u00bb25px\u00a0\u00bb][vc_column_text]<strong><span style=\"font-size: 14px;\"><span style=\"color: #20609f; font-size: 18px; font-weight: bold;\">Documentation<br \/>\n<\/span><\/span><\/strong>T\u00e9l\u00e9chargez nos brochures de produits ici ou\u00a0<a title=\"Contact Us\" href=\"\/fr\/contactez-nous\">contactez-nous<\/a>\u00a0pour demander des copies en version physique.<\/p>\n<p><span style=\"font-size: 14px;\"><strong>Moteurs<\/strong><\/span><br \/>\n<a href=\"\/literature\/subaru-engines-brochure-lowres.pdf\" target=\"_blank\">Brochure<\/a>\u00a0de la ligne compl\u00e8te\u00a0(9.4 MB &#8211; Anglais)<br \/>\n<a href=\"\/literature\/subaru-ea-engine-brochure-lowres.pdf\" target=\"_blank\">Brochure<\/a><a href=\"\/literature\/subaru-ea-engine-brochure-lowres.pdf\" target=\"_blank\"> S\u00e9ries EA <\/a>(4.7 MB &#8211; Anglais)<br \/>\n<a href=\"\/literature\/subaru-ex-advantage-brochure-lowres.pdf\" target=\"_blank\">Brochure<\/a><a href=\"\/literature\/subaru-ex-advantage-brochure-lowres.pdf\" target=\"_blank\"> Advantage EX <\/a>(5.1 MB &#8211; Anglais)<br \/>\n<a href=\"\/literature\/subaru-SP170-brochure.pdf\" target=\"_blank\">Brochure<\/a><a href=\"\/literature\/subaru-SP170-brochure.pdf\" target=\"_blank\"> SP170\/210 <\/a>(11.1 MB &#8211; Anglais)<br \/>\n<a href=\"\/literature\/V_Twin_Accessory_Catalog_4_2016.pdf\" target=\"_blank\">Catalogue<\/a>\u00a0<a href=\"\/literature\/V_Twin_Accessory_Catalog_4_2016.pdf\" target=\"_blank\">d&rsquo;accessoires 2 cylindres\u00a0<\/a>(7 MB &#8211; Anglais)<br \/>\n<a href=\"\/literature\/EH90-99_Brochure_5-16.pdf\" target=\"_blank\">Brochure<\/a><a href=\"\/literature\/EH90-99_Brochure_5-16.pdf\" target=\"_blank\"> EH90\/99 <\/a>(9.9 MB &#8211; Anglais)<br \/>\n<a href=\"\/literature\/EH90V-99V_Brochure_5-14.pdf\" target=\"_blank\">Brochure<\/a><a href=\"\/literature\/EH90V-99V_Brochure_5-14.pdf\" target=\"_blank\"> EH90V\/99V <\/a>(9.9 MB &#8211; Anglais)<\/p>\n<p><span style=\"font-size: 14px;\"><strong>G\u00e9n\u00e9ratrices<\/strong><\/span><br \/>\n<a href=\"\/literature\/Subaru-Generatrice-brochure-fr.pdf\" target=\"_blank\">Ligne compl\u00e8te &#8211; Brochure<\/a> (6.6MB)<br \/>\n<a href=\"\/literature\/subaru-sgx-generator-brochure-lowres.pdf\" target=\"_new\">Brochure<\/a><a href=\"\/literature\/subaru-sgx-generator-brochure-lowres.pdf\" target=\"_new\"> Generatrices SGX <\/a>(2.2 MB &#8211; Anglais)<\/p>\n<p><span style=\"font-size: 14px;\"><strong>Pompes<\/strong><\/span><br \/>\n<a href=\"\/literature\/Subaru-Pompe-Brochure-fr.pdf\" target=\"_blank\">Ligne compl\u00e8te &#8211; Brochure<\/a> (2.2 MB)<br \/>\n<a href=\"\/literature\/subaru-pump-accessories.pdf\">Accessoires et ensembles de tuyaux de pompes<\/a>\u00a0(88 KB &#8211; Anglais)<\/p>\n<p><strong><span style=\"font-size: 14px;\"><span style=\"color: #20609f; font-size: 18px; font-weight: bold;\">PHOTOS ET\u00a0VID\u00c9OS<\/span><\/span> <\/strong><br \/>\nAllez sur les pages de chaque produit pour t\u00e9l\u00e9charger la documentation.<\/p>\n<p><strong><span style=\"font-size: 14px;\"><span style=\"color: #20609f; font-size: 18px; font-weight: bold;\">PUBLICIT\u00c9<\/span><\/span><\/strong><br \/>\nLaissez savoir au public que vous offrez des produits Subaru en t\u00e9l\u00e9chargeant la publicit\u00e9, que vous pouvez adapter \u00e0 votre commerce. <a title=\"Contact Us\" href=\"\/fr\/contactez-nous\">Contactez-nous<\/a>\u00a0pour plus de d\u00e9tails.[\/vc_column_text][\/vc_column][vc_column width=\u00a0\u00bb1\/2&Prime;][vc_column_text]<strong><span style=\"font-size: 14px;\"><span style=\"color: #20609f; font-size: 18px; font-weight: bold;\">GUIDE D&rsquo;IDENTIT\u00c9 DE LA MARQUE SUBARU<\/span><\/span>\u00a0<\/strong><br \/>\nCe guide d&rsquo;identit\u00e9 de la marque Subaru peut \u00eatre utilis\u00e9 dans les communications entourant Subaru. Chaque vendeur interne ou externe ou OEM utilisant les produits Subaru doit adh\u00e9rer aux r\u00e8gles de la marque incluses dans le guide.<\/p>\n<p>Cliquez sur le lien pour l&rsquo;ouvrir en plein \u00e9cran et s\u00e9lectionnez \u00ab\u00a0Enregistrez sous \/ Save-As\u00a0\u00bb<br \/>\n<a href=\"\/wp-content\/uploads\/2015\/07\/SIP-Brand-Identity-Guide-2015.pdf\">Subaru Brand Identity Guide 2015<\/a>[\/vc_column_text][vc_empty_space height=\u00a0\u00bb20px\u00a0\u00bb][vc_row_inner][vc_column_inner width=\u00a0\u00bb1\/2&Prime;][vc_column_text]<span style=\"font-size: 14px;\"><strong>Produits industriels Subaru<br \/>\n<\/strong><\/span><\/p>\n<p><a href=\"\/wp-content\/uploads\/2014\/07\/Subaru_SIP_logo-Color.png\" target=\"_blank\"><img decoding=\"async\" loading=\"lazy\" class=\"alignnone wp-image-2242\" src=\"\/wp-content\/uploads\/2014\/07\/Subaru_SIP_logo-Color.png\" alt=\"Subaru Logo\" width=\"150\" height=\"44\" \/><\/a><a href=\"\/logos\/Subaru_SIP_Logo-Color.eps\"><br \/>\nDownload Vector .eps File<\/a><\/p>\n<p><a href=\"\/wp-content\/uploads\/2014\/07\/Subaru_SIP_logo-Color_White.png\" target=\"_blank\"><img decoding=\"async\" loading=\"lazy\" class=\"alignnone wp-image-2241\" src=\"\/wp-content\/uploads\/2014\/07\/Subaru_SIP_logo-Color_White.png\" alt=\"Subaru Logo\" width=\"150\" height=\"44\" \/><\/a><br \/>\n<a href=\"\/logos\/Subaru_SIP_Logo-Color_White.eps\">Download Vector .eps File<\/a><\/p>\n<p><a href=\"\/wp-content\/uploads\/2014\/07\/Subaru_SIP_logo-Gray.png\" target=\"_blank\"><img decoding=\"async\" loading=\"lazy\" class=\"alignnone wp-image-2243\" src=\"\/wp-content\/uploads\/2014\/07\/Subaru_SIP_logo-Gray.png\" alt=\"Subaru Logo\" width=\"150\" height=\"44\" \/><\/a><br \/>\n<a href=\"\/logos\/Subaru_SIP_Logo-Gray.eps\">Download Vector .eps File<\/a><\/p>\n<p><a href=\"\/wp-content\/uploads\/2014\/07\/Subaru_SIP_logo-BW.png\" target=\"_blank\"><img decoding=\"async\" loading=\"lazy\" class=\"alignnone wp-image-2240\" src=\"\/wp-content\/uploads\/2014\/07\/Subaru_SIP_logo-BW.png\" alt=\"Subaru Logo\" width=\"150\" height=\"39\" \/><\/a><br \/>\n<a href=\"\/logos\/Subaru_SIP_Logo-B&amp;W.eps\">Download Vector .eps File<\/a>[\/vc_column_text][vc_empty_space height=\u00a0\u00bb20px\u00a0\u00bb][vc_separator][vc_column_text]<span style=\"font-size: 14px;\"><strong>Garantie 5\u00a0ans<br \/>\n<\/strong><\/span><\/p>\n<p><a href=\"\/wp-content\/uploads\/2016\/11\/Subaru_Garantie_5.jpg\" target=\"_blank\"><img decoding=\"async\" loading=\"lazy\" class=\"alignnone wp-image-2250\" src=\"\/wp-content\/uploads\/2016\/11\/Subaru_Garantie_5.jpg\" alt=\"Logo Subaru 5 ans Garantie\" width=\"150\" height=\"167\" \/><\/a><a href=\"\/logos\/Subaru_Garantie_5.eps\"><br \/>\nDownload Vector .eps File<\/a><\/p>\n<p><a href=\"\/wp-content\/uploads\/2016\/11\/Subaru_Garantie_5_BW.jpg\" target=\"_blank\"><img decoding=\"async\" loading=\"lazy\" class=\"alignnone wp-image-2251\" src=\"\/wp-content\/uploads\/2016\/11\/Subaru_Garantie_5_BW.jpg\" alt=\"Logo Subaru 5 ans Garantie Noir et blanc\" width=\"150\" height=\"167\" \/><\/a><br \/>\n<a href=\"\/logos\/Subaru_Garantie_5_BW.eps\">Download Vector .eps File<\/a>[\/vc_column_text][\/vc_column_inner][vc_column_inner width=\u00a0\u00bb1\/2&Prime;][vc_column_text]<span style=\"font-size: 14px;\"><strong>Aliment\u00e9 par Subaru<br \/>\n<\/strong><\/span><\/p>\n<p><a href=\"\/wp-content\/uploads\/2014\/07\/Subaru_logo-Color-PB.png\" target=\"_blank\"><img decoding=\"async\" loading=\"lazy\" class=\"alignnone wp-image-2246\" src=\"\/wp-content\/uploads\/2014\/07\/Subaru_logo-Color-PB.png\" alt=\"Powered by Subaru Logo\" width=\"150\" height=\"38\" \/><\/a><a href=\"\/logos\/Subaru_Logo-Color-PB.eps\"><br \/>\nDownload Vector .eps File<\/a><\/p>\n<p><a href=\"\/wp-content\/uploads\/2014\/07\/Subaru_logo-Gray-PB.png\" target=\"_blank\"><img decoding=\"async\" loading=\"lazy\" class=\"alignnone wp-image-2247\" src=\"\/wp-content\/uploads\/2014\/07\/Subaru_logo-Gray-PB.png\" alt=\"Powered by Subaru Logo\" width=\"150\" height=\"38\" \/><\/a><br \/>\n<a href=\"\/logos\/Subaru_Logo-Gray-PB.eps\">Download Vector .eps File<\/a><\/p>\n<p><a href=\"\/wp-content\/uploads\/2014\/07\/Subaru_logo-BW-PB.png\" target=\"_blank\"><img decoding=\"async\" loading=\"lazy\" class=\"alignnone wp-image-2245\" src=\"\/wp-content\/uploads\/2014\/07\/Subaru_logo-BW-PB.png\" alt=\"Powered by Subaru Logo\" width=\"150\" height=\"36\" \/><\/a><br \/>\n<a href=\"\/logos\/Subaru_Logo-B&amp;W-PB.eps\">Download Vector .eps File<\/a>[\/vc_column_text][vc_empty_space height=\u00a0\u00bb20px\u00a0\u00bb][vc_separator][vc_column_text]<span style=\"font-size: 14px;\"><strong>Subaru<\/strong><\/span><\/p>\n<p><a href=\"\/wp-content\/uploads\/2014\/07\/Subaru_logo-Color.png\" target=\"_blank\"><img decoding=\"async\" loading=\"lazy\" class=\"alignnone wp-image-2233\" src=\"\/wp-content\/uploads\/2014\/07\/Subaru_logo-Color.png\" alt=\"Subaru_logo-Color\" width=\"150\" height=\"24\" \/><\/a><a href=\"\/logos\/Subaru%20Logo-Color.eps\"><br \/>\nDownload Vector .eps File<\/a><\/p>\n<p><a href=\"\/wp-content\/uploads\/2014\/07\/Subaru_logo-Color_White.png\" target=\"_blank\"><img decoding=\"async\" loading=\"lazy\" class=\"alignnone wp-image-2231\" src=\"\/wp-content\/uploads\/2014\/07\/Subaru_logo-Color_White.png\" alt=\"Subaru_logo-Color_White\" width=\"150\" height=\"24\" \/><\/a><br \/>\n<a href=\"\/logos\/Subaru%20Logo-Color_White.eps\">Download Vector .eps File<\/a><\/p>\n<p><a href=\"\/wp-content\/uploads\/2014\/07\/Subaru_logo-Gray.png\" target=\"_blank\"><img decoding=\"async\" loading=\"lazy\" class=\"alignnone wp-image-2235\" src=\"\/wp-content\/uploads\/2014\/07\/Subaru_logo-Gray.png\" alt=\"Subaru_logo-Gray\" width=\"150\" height=\"24\" \/><\/a><br \/>\n<a href=\"\/logos\/Subaru%20Logo-Gray.eps\">Download Vector .eps File<\/a><\/p>\n<p><a href=\"\/wp-content\/uploads\/2014\/07\/Subaru_logo-BW.png\" target=\"_blank\"><img decoding=\"async\" loading=\"lazy\" class=\"alignnone wp-image-2230\" src=\"\/wp-content\/uploads\/2014\/07\/Subaru_logo-BW.png\" alt=\"Subaru_logo-B&amp;W\" width=\"150\" height=\"20\" \/><\/a><br \/>\n<a href=\"\/logos\/Subaru%20Logo-B&amp;W.eps\">Download Vector .eps File<\/a><\/p>\n<p><a href=\"\/wp-content\/uploads\/2014\/07\/Subaru_logo-Color-V.png\" target=\"_blank\"><img decoding=\"async\" loading=\"lazy\" class=\"alignnone wp-image-2232\" src=\"\/wp-content\/uploads\/2014\/07\/Subaru_logo-Color-V.png\" alt=\"Subaru_logo-Color-V\" width=\"150\" height=\"90\" \/><\/a><br \/>\n<a href=\"\/logos\/Subaru%20Logo-Color-V.eps\">Download Vector .eps File<\/a><\/p>\n<p><a href=\"\/wp-content\/uploads\/2014\/07\/Subaru_logo-Gray-V.png\" target=\"_blank\"><img decoding=\"async\" loading=\"lazy\" class=\"alignnone wp-image-2234\" src=\"\/wp-content\/uploads\/2014\/07\/Subaru_logo-Gray-V.png\" alt=\"Subaru_logo-Gray-V\" width=\"150\" height=\"90\" \/><\/a><br \/>\n<a href=\"\/logos\/Subaru%20Logo-Gray-V.eps\">Download Vector .eps File<\/a><\/p>\n<p><a href=\"\/wp-content\/uploads\/2014\/07\/Subaru_logo-BW-V.png\" target=\"_blank\"><img decoding=\"async\" loading=\"lazy\" class=\"alignnone wp-image-2229\" src=\"\/wp-content\/uploads\/2014\/07\/Subaru_logo-BW-V.png\" alt=\"Subaru_logo-B&amp;W-V\" width=\"150\" height=\"89\" \/><\/a><br \/>\n<a href=\"\/logos\/Subaru%20Logo-B&amp;W-V.eps\">Download Vector .eps File<\/a>[\/vc_column_text][\/vc_column_inner][\/vc_row_inner][\/vc_column][\/vc_row][vc_row][vc_column][vc_empty_space][\/vc_column][\/vc_row]\n<script language='javascript' type='text\/javascript'>function getWR360License(){return 'https:\/\/subaruequip.ca\/wp-content\/plugins\/webrotate-360-product-viewer\/license.lic';}function getWR360PopupSkin(){return 'pp_default';}function getWR360GraphicsPath(){return 'https:\/\/subaruequip.ca\/wp-content\/plugins\/webrotate-360-product-viewer\/imagerotator\/html\/img\/thin';}<\/script><\/div> ","protected":false},"excerpt":{"rendered":"<p>[vc_row][vc_column][vc_empty_space height=\u00a0\u00bb30px\u00a0\u00bb][\/vc_column][\/vc_row][vc_row][vc_column width=\u00a0\u00bb5\/6&Prime;][vc_column_text]Support marketing[\/vc_column_text][vc_column_text]Merci de votre int\u00e9r\u00eat \u00e0 l&rsquo;\u00e9gard des produits industriels de puissance Subaru! Veuillez utiliser les ressources suivantes afin de promouvoir les produits Subaru dans votre commerce ou site d&rsquo;application. Vous cherchez plus d&rsquo;information? Contactez-nous.[\/vc_column_text][vc_empty_space height=\u00a0\u00bb30px\u00a0\u00bb][\/vc_column][vc_column width=\u00a0\u00bb1\/6&Prime;][\/vc_column][\/vc_row][vc_row][vc_column width=\u00a0\u00bb1\/2&Prime;&hellip;<\/p>\n","protected":false},"author":1,"featured_media":0,"parent":0,"menu_order":0,"comment_status":"open","ping_status":"closed","template":"","meta":[],"_links":{"self":[{"href":"https:\/\/subaruequip.ca\/fr\/wp-json\/wp\/v2\/pages\/24089\/"}],"collection":[{"href":"https:\/\/subaruequip.ca\/fr\/wp-json\/wp\/v2\/pages\/"}],"about":[{"href":"https:\/\/subaruequip.ca\/fr\/wp-json\/wp\/v2\/types\/page\/"}],"author":[{"embeddable":true,"href":"https:\/\/subaruequip.ca\/fr\/wp-json\/wp\/v2\/users\/1\/"}],"replies":[{"embeddable":true,"href":"https:\/\/subaruequip.ca\/fr\/wp-json\/wp\/v2\/comments\/?post=24089"}],"version-history":[{"count":0,"href":"https:\/\/subaruequip.ca\/fr\/wp-json\/wp\/v2\/pages\/24089\/revisions\/"}],"wp:attachment":[{"href":"https:\/\/subaruequip.ca\/fr\/wp-json\/wp\/v2\/media\/?parent=24089"}],"curies":[{"name":"wp","href":"https:\/\/api.w.org\/{rel}","templated":true}]}}