{"id":24277,"date":"2014-10-07T12:19:22","date_gmt":"2014-10-07T12:19:22","guid":{"rendered":"http:\/\/subaruequip.ca\/industrial-generators-features-benefits\/?lang=fr"},"modified":"2017-02-16T18:58:57","modified_gmt":"2017-02-16T18:58:57","slug":"generatrices-industrielle-caracteristiques-et-benefices","status":"publish","type":"page","link":"https:\/\/subaruequip.ca\/fr\/produits\/generatrices\/generatrices-industrielle-caracteristiques-et-benefices\/","title":{"rendered":"G\u00e9n\u00e9ratrices industrielle &#8211; Caract\u00e9ristiques et b\u00e9n\u00e9fices"},"content":{"rendered":"<div class=\"wpb-content-wrapper\">[vc_row][vc_column][vc_empty_space height=\u00a0\u00bb30px\u00a0\u00bb][\/vc_column][\/vc_row][vc_row][vc_column width=\u00a0\u00bb5\/6&Prime;][vc_column_text]<span style=\"font-size: 36px; color: #56564c;\"><strong>G\u00e9n\u00e9ratrices industrielles\u00a0<\/strong> &#8211; Caract\u00e9ristiques &amp; b\u00e9n\u00e9fices<br \/>\n<\/span>[\/vc_column_text][\/vc_column][vc_column width=\u00a0\u00bb1\/6&Prime;][vc_row_inner][vc_column_inner width=\u00a0\u00bb1\/2&Prime;][\/vc_column_inner][vc_column_inner width=\u00a0\u00bb1\/2&Prime;][vcex_button url=\u00a0\u00bb\/fr\/produits\/generatrices\/rgx6500e-generatrice-industrielle\/\u00a0\u00bb title=\u00a0\u00bbRetour\u00a0\u00bb style=\u00a0\u00bbflat\u00a0\u00bb layout=\u00a0\u00bbexpanded\u00a0\u00bb align=\u00a0\u00bbleft\u00a0\u00bb size=\u00a0\u00bblarge\u00a0\u00bb color=\u00a0\u00bbblue\u00a0\u00bb href=\u00a0\u00bb#\u00a0\u00bb class=\u00a0\u00bbproxorM42n7f3&Prime; custom_background=\u00a0\u00bb#20609f\u00a0\u00bb custom_color=\u00a0\u00bb#ffffff\u00a0\u00bb custom_hover_background=\u00a0\u00bb#ffffff\u00a0\u00bb custom_hover_color=\u00a0\u00bb#000000&Prime;]Retour[\/vcex_button][\/vc_column_inner][\/vc_row_inner][\/vc_column][\/vc_row][vc_row margin_left=\u00a0\u00bb5px\u00a0\u00bb][vc_column][vc_empty_space height=\u00a0\u00bb20px\u00a0\u00bb][vc_row_inner][vc_column_inner][vc_column_text]<span style=\"font-size: 16px;\">Un des premiers choix des professionnels, les g\u00e9n\u00e9ratrices industrielles Subaru sont aliment\u00e9es par des moteurs OHC et OHV et ont des sorties allant de 2 900 \u00e0 13 000 watts. Cette ligne de g\u00e9n\u00e9ratrices portables est id\u00e9ale afin d&rsquo;alimenter les sites de construction, les camions d&rsquo;utilit\u00e9 et les v\u00e9hicules de service d&rsquo;urgence. Elles sont aussi utilis\u00e9es dans des applications d&rsquo;entretien d&rsquo;usines, un soutien de puissance d&rsquo;urgence ainsi que dans les fermes et leurs appareils.<\/span>[\/vc_column_text][\/vc_column_inner][\/vc_row_inner][vc_separator][\/vc_column][\/vc_row][vc_row][vc_column][vc_row_inner][vc_column_inner width=\u00a0\u00bb1\/4&Prime;][vc_raw_html]JTNDcCUzRSUzQyUyRnAlM0U=[\/vc_raw_html][\/vc_column_inner][vc_column_inner width=\u00a0\u00bb1\/2&Prime;]<div style=\"width:;\" class=\"cqtooltip-wrapper \" data-opacity=\"1\" data-tooltipanimation=\"grow\" data-tooltipstyle=\"shadow\" data-trigger=\"hover\" data-maxwidth=\"240\" data-marginoffset=\"\" data-isdisplayall=\"off\" data-displayednum=\"1\"><img src=\"https:\/\/subaruequip.ca\/wp-content\/uploads\/2014\/10\/subaru-industrial-generators-features.jpg\" \/><div class=\"cq-hotspots\"><div class=\"hotspot-item pulse-yellow \" style=\"top:60%;left:80%;\" data-top=\"60%\" data-left=\"80%\"><a href=\"#\" class=\"cq-tooltip\" style=\"background:rgba(32,96,159,0.5);\" data-tooltip=\"&lt;h4&gt;Durabilit\u00e9&lt;\/h4&gt;\n&lt;p&gt;&lt;img decoding=&quot;async&quot; loading=&quot;lazy&quot; class=&quot;alignnone size-full wp-image-1689&quot; src=&quot;\/wp-content\/uploads\/2014\/10\/subaru-industrial-generator-copper-widnings.jpg&quot; alt=&quot;subaru-industrial-generator-copper-widnings&quot; width=&quot;260&quot; height=&quot;255&quot; \/&gt;&lt;\/p&gt;\n&lt;p&gt;Alternateurs haute performance avec des enroulements de cuivre pour une durabilit\u00e9 exceptionnelle.&lt;\/p&gt;\" data-arrowposition=\"\"><span style=\"background:#ffffff;\"><\/span><\/a><\/div><div class=\"hotspot-item pulse-yellow \" style=\"top:25%;left:39%;\" data-top=\"25%\" data-left=\"39%\"><a href=\"#\" class=\"cq-tooltip\" style=\"background:rgba(32,96,159,0.5);\" data-tooltip=\"&lt;p&gt;Cadre d&amp;#8217;emballage tubulaire qui prot\u00e8ge la machine durant le transport.&lt;\/p&gt;\" data-arrowposition=\"top\"><span style=\"background:#ffffff;\"><\/span><\/a><\/div><div class=\"hotspot-item pulse-yellow \" style=\"top:44%;left:76%;\" data-top=\"44%\" data-left=\"76%\"><a href=\"#\" class=\"cq-tooltip\" style=\"background:rgba(32,96,159,0.5);\" data-tooltip=\"&lt;h4&gt;Commodit\u00e9&lt;\/h4&gt;\n&lt;p&gt;&lt;img decoding=&quot;async&quot; loading=&quot;lazy&quot; class=&quot;alignnone wp-image-1691 size-full&quot; src=&quot;\/wp-content\/uploads\/2014\/10\/subaru-industrial-generator-control-panel.jpg&quot; alt=&quot;Full tubular frame&quot; width=&quot;260&quot; height=&quot;255&quot; \/&gt;&lt;\/p&gt;\n&lt;p&gt;Le panneau de contr\u00f4le de gamme professionnelle comporte un receptacle d&amp;rsquo;interrupteur de disjoncteur (GFCI), des prises de fuite \u00e0 la terre, disjoncteur et jauge pour le suivi des exigences op\u00e9rationelle.&lt;\/p&gt;\" data-arrowposition=\"top\"><span style=\"background:#ffffff;\"><\/span><\/a><\/div><div class=\"hotspot-item pulse-yellow \" style=\"top:48%;left:88%;\" data-top=\"48%\" data-left=\"88%\"><a href=\"#\" class=\"cq-tooltip\" style=\"background:rgba(32,96,159,0.5);\" data-tooltip=\"&lt;img decoding=&quot;async&quot; loading=&quot;lazy&quot; class=&quot;alignnone size-full wp-image-1928&quot; src=&quot;\/wp-content\/uploads\/2014\/10\/subaru-features-benefits-charger.jpg&quot; alt=&quot;subaru-features-benefits-charger&quot; width=&quot;260&quot; height=&quot;255&quot; \/&gt;&lt;br \/&gt;\nCharge de batterie de 12-volt DC facilement accessible.\" data-arrowposition=\"top\"><span style=\"background:#ffffff;\"><\/span><\/a><\/div><div class=\"hotspot-item pulse-yellow \" style=\"top:30%;left:88%;\" data-top=\"30%\" data-left=\"88%\"><a href=\"#\" class=\"cq-tooltip\" style=\"background:rgba(32,96,159,0.5);\" data-tooltip=\"&lt;img decoding=&quot;async&quot; loading=&quot;lazy&quot; class=&quot;alignnone size-full wp-image-1929&quot; src=&quot;\/wp-content\/uploads\/2014\/10\/subaru-features-benefits-hourmeter.jpg&quot; alt=&quot;subaru-features-benefits-hourmeter&quot; width=&quot;260&quot; height=&quot;255&quot; \/&gt;&lt;br \/&gt;\nUn compteur horaire pour rendre les horaires d&amp;rsquo;entretien plus faciles.\" data-arrowposition=\"top\"><span style=\"background:#ffffff;\"><\/span><\/a><\/div><div class=\"hotspot-item pulse-yellow \" style=\"top:10%;left:28%;\" data-top=\"10%\" data-left=\"28%\"><a href=\"#\" class=\"cq-tooltip\" style=\"background:rgba(32,96,159,0.5);\" data-tooltip=\"&lt;p&gt;Le grand r\u00e9servoir d&amp;rsquo;acier rend possible les longues activit\u00e9s alors que la jauge rend facile la prise de mesure ainsi qu&amp;rsquo;une essence propre.&lt;\/p&gt;\" data-arrowposition=\"top\"><span style=\"background:#ffffff;\"><\/span><\/a><\/div><div class=\"hotspot-item pulse-yellow \" style=\"top:31%;left:75%;\" data-top=\"31%\" data-left=\"75%\"><a href=\"#\" class=\"cq-tooltip\" style=\"background:rgba(32,96,159,0.5);\" data-tooltip=\"&lt;h4&gt;Operation silencieuse&lt;\/h4&gt;\n&lt;p&gt;Un silencieux surdimensionn\u00e9 avec pare-\u00e9tincelles approuv\u00e9 afin d&amp;rsquo;assurer l&amp;rsquo;op\u00e9ration silencieuse.&lt;br \/&gt;\n&lt;img decoding=&quot;async&quot; loading=&quot;lazy&quot; class=&quot;alignnone size-full wp-image-1931&quot; src=&quot;\/wp-content\/uploads\/2014\/10\/subaru-features-benefits-idler.jpg&quot; alt=&quot;subaru-features-benefits-idler&quot; width=&quot;260&quot; height=&quot;255&quot; \/&gt;&lt;br \/&gt;\nLa commande automatique de ralentie r\u00e9duit le r\u00e9gime moteur lorsqu&amp;rsquo;aucune alimentation \u00e9lectrique n&amp;rsquo;est requise.\" data-arrowposition=\"top\"><span style=\"background:#ffffff;\"><\/span><\/a><\/div><div class=\"hotspot-item pulse-yellow \" style=\"top:55%;left:10%;\" data-top=\"55%\" data-left=\"10%\"><a href=\"#\" class=\"cq-tooltip\" style=\"background:rgba(32,96,159,0.5);\" data-tooltip=\"&lt;h4&gt;Bas prix total&lt;\/h4&gt;\n&lt;p&gt;Une fonctionalit\u00e9 d&amp;rsquo;arr\u00eat automatique lorsque le niveau d&amp;rsquo;huile est bas prot\u00e8ge votre moteur.&lt;\/p&gt;\n&lt;p&gt;&lt;img decoding=&quot;async&quot; loading=&quot;lazy&quot; class=&quot;alignnone size-full wp-image-1698&quot; src=&quot;\/wp-content\/uploads\/2014\/10\/subaru-industrial-generator-air-cleaner.jpg&quot; alt=&quot;subaru-industrial-generator-air-cleaner&quot; width=&quot;260&quot; height=&quot;255&quot; \/&gt;&lt;br \/&gt;\nLe filtre \u00e0 air industriel peut petre nettoy\u00e9 et r\u00e9utilis\u00e9 afin de sauver des co\u00fbts.\" data-arrowposition=\"top\"><span style=\"background:#ffffff;\"><\/span><\/a><\/div><div class=\"hotspot-item pulse-yellow \" style=\"top:65%;left:25%;\" data-top=\"65%\" data-left=\"25%\"><a href=\"#\" class=\"cq-tooltip\" style=\"background:rgba(32,96,159,0.5);\" data-tooltip=\"&lt;h4&gt;Bon pour l&amp;rsquo;environnement&lt;\/h4&gt;\n&lt;p&gt;&lt;img decoding=&quot;async&quot; loading=&quot;lazy&quot; class=&quot;alignnone size-full wp-image-1924&quot; src=&quot;\/wp-content\/uploads\/2014\/10\/subaru-features-benefits-engine.jpg&quot; alt=&quot;subaru-features-benefits-engine&quot; width=&quot;260&quot; height=&quot;255&quot; \/&gt;&lt;\/p&gt;\n&lt;p&gt;Le moteur basse \u00e9mission rencontre les exigences Tier 3 pour une op\u00e9ration bonne pour l&amp;rsquo;environnement.&lt;\/p&gt;\" data-arrowposition=\"top\"><span style=\"background:#ffffff;\"><\/span><\/a><\/div><div class=\"hotspot-item pulse-yellow \" style=\"top:63%;left:70%;\" data-top=\"63%\" data-left=\"70%\"><a href=\"#\" class=\"cq-tooltip\" style=\"background:rgba(32,96,159,0.5);\" data-tooltip=\"&lt;h4&gt;Fiabilit\u00e9&lt;\/h4&gt;\n&lt;p&gt;&lt;img decoding=&quot;async&quot; loading=&quot;lazy&quot; class=&quot;alignnone size-full wp-image-1700&quot; src=&quot;\/wp-content\/uploads\/2014\/10\/subaru-industrial-generator-capacitor.jpg&quot; alt=&quot;subaru-industrial-generator-capacitor&quot; width=&quot;260&quot; height=&quot;255&quot; \/&gt;&lt;\/p&gt;\n&lt;p&gt;Le syst\u00e8me de condensateur maintient les sorties de tension en \u00e9quilibre afin de pr\u00e9venir les chutes de courant ou les surtensions.&lt;\/p&gt;\" data-arrowposition=\"top\"><span style=\"background:#ffffff;\"><\/span><\/a><\/div><\/div><\/div>[\/vc_column_inner][vc_column_inner width=\u00a0\u00bb1\/4&Prime;][vc_raw_html]JTNDcCUzRSUzQyUyRnAlM0U=[\/vc_raw_html][\/vc_column_inner][\/vc_row_inner][vc_empty_space height=\u00a0\u00bb30px\u00a0\u00bb][vc_separator][\/vc_column][\/vc_row][vc_row][vc_column width=\u00a0\u00bb1\/3&Prime;][vc_row_inner][vc_column_inner width=\u00a0\u00bb1\/3&Prime;][vc_single_image image=\u00a0\u00bb1690&Prime; alignment=\u00a0\u00bbnone\u00a0\u00bb][\/vc_column_inner][vc_column_inner width=\u00a0\u00bb2\/3&Prime;]<div class='avgrund-container' data-width='275' data-textcolor='#333333' data-background='#ffffff' data-loadedvisible='' data-margintop='40' data-popupposition='fixed'><div class='avgrund-popup'>\n              <div class='avgrund-content'>\n                <img decoding=\"async\" loading=\"lazy\" class=\"alignnone size-full wp-image-1689\" src=\"\/wp-content\/uploads\/2014\/10\/subaru-industrial-generator-copper-widnings.jpg\" alt=\"subaru-industrial-generator-copper-widnings\" width=\"260\" height=\"255\" \/><\/p>\n<div class=\"tooltip-content\">\n<p>Alternateurs haute performance avec des enroulements de cuivre pour une durabilit\u00e9 exceptionnelle.<\/p><\/div>\n<div class=\"tooltip-content\">\n<p>Cadre d&#8217;emballage tubulaire qui prot\u00e8ge la machine durant le transport.<\/p><\/div>\n\n              <\/div>\n              <a href='#' class='avgrund-close'><img width='24' height='24' src='https:\/\/subaruequip.ca\/wp-content\/plugins\/vc-extensions-bundle\/depthmodal\/img\/close.png' alt='close' \/><\/a>\n            <\/div><div class='avgrund-cover'><\/div><a href='#' class='avgrund-btn'>[vcex_spacing size=\"15px\"]<span style=\"font-size: 16px; font-weight:bold; text-transform:uppercase;\">Durability<\/span>\n<\/a><\/div>[\/vc_column_inner][\/vc_row_inner][\/vc_column][vc_column width=\u00a0\u00bb1\/3&Prime;][vc_row_inner][vc_column_inner width=\u00a0\u00bb1\/3&Prime;][vc_single_image image=\u00a0\u00bb1693&Prime; alignment=\u00a0\u00bbnone\u00a0\u00bb][\/vc_column_inner][vc_column_inner width=\u00a0\u00bb2\/3&Prime;]<div class='avgrund-container' data-width='275' data-textcolor='#333333' data-background='#ffffff' data-loadedvisible='' data-margintop='40' data-popupposition='fixed'><div class='avgrund-popup'>\n              <div class='avgrund-content'>\n                <img decoding=\"async\" loading=\"lazy\" class=\"alignnone wp-image-1691 size-full\" src=\"\/wp-content\/uploads\/2014\/10\/subaru-industrial-generator-control-panel.jpg\" alt=\"Subaru industrial generator Control panel\" width=\"260\" height=\"255\" \/><\/p>\n<p>Le panneau de contr\u00f4le de gamme professionnelle comporte un receptacle d&rsquo;interrupteur de disjoncteur (GFCI), des prises de fuite \u00e0 la terre, disjoncteur et jauge pour le suivi des exigences op\u00e9rationelle.<\/p>\n<p>Charge de batterie de 12-volt DC facilement accessible.<\/p>\n\n              <\/div>\n              <a href='#' class='avgrund-close'><img width='24' height='24' src='https:\/\/subaruequip.ca\/wp-content\/plugins\/vc-extensions-bundle\/depthmodal\/img\/close.png' alt='close' \/><\/a>\n            <\/div><div class='avgrund-cover'><\/div><a href='#' class='avgrund-btn'>[vcex_spacing size=\"15px\"]<span style=\"font-size: 16px; font-weight:bold; text-transform:uppercase;\">Convenience<\/span>\n<\/a><\/div>[\/vc_column_inner][\/vc_row_inner][\/vc_column][vc_column width=\u00a0\u00bb1\/3&Prime;][vc_row_inner][vc_column_inner width=\u00a0\u00bb1\/3&Prime;][vc_single_image image=\u00a0\u00bb1696&Prime; alignment=\u00a0\u00bbnone\u00a0\u00bb][\/vc_column_inner][vc_column_inner width=\u00a0\u00bb2\/3&Prime;]<div class='avgrund-container' data-width='275' data-textcolor='#333333' data-background='#ffffff' data-loadedvisible='' data-margintop='40' data-popupposition='fixed'><div class='avgrund-popup'>\n              <div class='avgrund-content'>\n                <img decoding=\"async\" loading=\"lazy\" class=\"alignnone wp-image-1695 size-full\" src=\"\/wp-content\/uploads\/2014\/10\/subaru-industrial-generator-muffler.jpg\" alt=\"low-tone muffler\" width=\"260\" height=\"255\" \/><\/p>\n<p>Un silencieux surdimensionn\u00e9 avec pare-\u00e9tincelles approuv\u00e9 afin d&rsquo;assurer l&rsquo;op\u00e9ration silencieuse.\n              <\/div>\n              <a href='#' class='avgrund-close'><img width='24' height='24' src='https:\/\/subaruequip.ca\/wp-content\/plugins\/vc-extensions-bundle\/depthmodal\/img\/close.png' alt='close' \/><\/a>\n            <\/div><div class='avgrund-cover'><\/div><a href='#' class='avgrund-btn'>[vcex_spacing size=\"15px\"]<span style=\"font-size: 16px; font-weight:bold; text-transform:uppercase;\">Quiet Operation<\/span>\n<\/a><\/div>[\/vc_column_inner][\/vc_row_inner][\/vc_column][\/vc_row][vc_row][vc_column][vc_separator][vc_empty_space height=\u00a0\u00bb15&Prime;][\/vc_column][\/vc_row][vc_row][vc_column width=\u00a0\u00bb1\/3&Prime;][vc_row_inner][vc_column_inner width=\u00a0\u00bb1\/3&Prime;][vc_single_image image=\u00a0\u00bb1699&Prime; alignment=\u00a0\u00bbnone\u00a0\u00bb][\/vc_column_inner][vc_column_inner width=\u00a0\u00bb2\/3&Prime;]<div class='avgrund-container' data-width='275' data-textcolor='#333333' data-background='#ffffff' data-loadedvisible='' data-margintop='40' data-popupposition='fixed'><div class='avgrund-popup'>\n              <div class='avgrund-content'>\n                <img decoding=\"async\" loading=\"lazy\" class=\"alignnone wp-image-1698 size-full\" src=\"\/wp-content\/uploads\/2014\/10\/subaru-industrial-generator-air-cleaner.jpg\" alt=\"Generator air cleaner\" width=\"260\" height=\"255\" \/><\/p>\n<p>Une fonctionalit\u00e9 d&rsquo;arr\u00eat automatique lorsque le niveau d&rsquo;huile est bas prot\u00e8ge votre moteur.<br \/>\nLe filtre \u00e0 air industriel peut petre nettoy\u00e9 et r\u00e9utilis\u00e9 afin de sauver des co\u00fbts.\n              <\/div>\n              <a href='#' class='avgrund-close'><img width='24' height='24' src='https:\/\/subaruequip.ca\/wp-content\/plugins\/vc-extensions-bundle\/depthmodal\/img\/close.png' alt='close' \/><\/a>\n            <\/div><div class='avgrund-cover'><\/div><a href='#' class='avgrund-btn'>[vcex_spacing size=\"15px\"]<span style=\"font-size: 16px; font-weight:bold; text-transform:uppercase;\">Low Total Cost Of Ownership<\/span>\n<\/a><\/div>[\/vc_column_inner][\/vc_row_inner][\/vc_column][vc_column width=\u00a0\u00bb1\/3&Prime;][vc_row_inner][vc_column_inner width=\u00a0\u00bb1\/3&Prime;][vc_single_image image=\u00a0\u00bb1923&Prime; alignment=\u00a0\u00bbnone\u00a0\u00bb][\/vc_column_inner][vc_column_inner width=\u00a0\u00bb2\/3&Prime;]<div class='avgrund-container' data-width='275' data-textcolor='#333333' data-background='#ffffff' data-loadedvisible='' data-margintop='40' data-popupposition='fixed'><div class='avgrund-popup'>\n              <div class='avgrund-content'>\n                <img decoding=\"async\" loading=\"lazy\" class=\"alignnone size-full wp-image-1924\" src=\"\/wp-content\/uploads\/2014\/10\/subaru-features-benefits-engine.jpg\" alt=\"subaru-features-benefits-engine\" width=\"260\" height=\"255\" \/><\/p>\n<p>Le moteur basse \u00e9mission rencontre les exigences Tier 3 pour une op\u00e9ration bonne pour l&rsquo;environnement.\n              <\/div>\n              <a href='#' class='avgrund-close'><img width='24' height='24' src='https:\/\/subaruequip.ca\/wp-content\/plugins\/vc-extensions-bundle\/depthmodal\/img\/close.png' alt='close' \/><\/a>\n            <\/div><div class='avgrund-cover'><\/div><a href='#' class='avgrund-btn'>[vcex_spacing size=\"15px\"]<span style=\"font-size: 16px; font-weight:bold; text-transform:uppercase;\">Environmentally \n<\/br>Friendly<\/span>\n<\/a><\/div>[\/vc_column_inner][\/vc_row_inner][\/vc_column][vc_column width=\u00a0\u00bb1\/3&Prime;][vc_row_inner][vc_column_inner width=\u00a0\u00bb1\/3&Prime;][vc_single_image image=\u00a0\u00bb1701&Prime; alignment=\u00a0\u00bbnone\u00a0\u00bb][\/vc_column_inner][vc_column_inner width=\u00a0\u00bb2\/3&Prime;]<div class='avgrund-container' data-width='275' data-textcolor='#333333' data-background='#ffffff' data-loadedvisible='' data-margintop='40' data-popupposition='fixed'><div class='avgrund-popup'>\n              <div class='avgrund-content'>\n                <img decoding=\"async\" loading=\"lazy\" class=\"alignnone wp-image-1700 size-full\" src=\"\/wp-content\/uploads\/2014\/10\/subaru-industrial-generator-capacitor.jpg\" alt=\"Industrial Generator Capicitor\" width=\"260\" height=\"255\" \/><\/p>\n<p>Le syst\u00e8me de condensateur maintient les sorties de tension en \u00e9quilibre afin de pr\u00e9venir les chutes de courant ou les surtensions.\n              <\/div>\n              <a href='#' class='avgrund-close'><img width='24' height='24' src='https:\/\/subaruequip.ca\/wp-content\/plugins\/vc-extensions-bundle\/depthmodal\/img\/close.png' alt='close' \/><\/a>\n            <\/div><div class='avgrund-cover'><\/div><a href='#' class='avgrund-btn'>[vcex_spacing size=\"15px\"]<span style=\"font-size: 16px; font-weight:bold; text-transform:uppercase;\">Reliability<\/span>\n<\/a><\/div>[\/vc_column_inner][\/vc_row_inner][\/vc_column][\/vc_row][vc_row][vc_column][vc_separator][vc_empty_space][\/vc_column][\/vc_row]\n<script language='javascript' type='text\/javascript'>function getWR360License(){return 'https:\/\/subaruequip.ca\/wp-content\/plugins\/webrotate-360-product-viewer\/license.lic';}function getWR360PopupSkin(){return 'pp_default';}function getWR360GraphicsPath(){return 'https:\/\/subaruequip.ca\/wp-content\/plugins\/webrotate-360-product-viewer\/imagerotator\/html\/img\/thin';}<\/script><\/div> ","protected":false},"excerpt":{"rendered":"<p>[vc_row][vc_column][vc_empty_space height=\u00a0\u00bb30px\u00a0\u00bb][\/vc_column][\/vc_row][vc_row][vc_column width=\u00a0\u00bb5\/6&Prime;][vc_column_text]G\u00e9n\u00e9ratrices industrielles\u00a0 &#8211; Caract\u00e9ristiques &amp; b\u00e9n\u00e9fices [\/vc_column_text][\/vc_column][vc_column width=\u00a0\u00bb1\/6&Prime;][vc_row_inner][vc_column_inner width=\u00a0\u00bb1\/2&Prime;][\/vc_column_inner][vc_column_inner width=\u00a0\u00bb1\/2&Prime;][vcex_button url=\u00a0\u00bb\/fr\/produits\/generatrices\/rgx6500e-generatrice-industrielle\/\u00a0\u00bb title=\u00a0\u00bbRetour\u00a0\u00bb style=\u00a0\u00bbflat\u00a0\u00bb layout=\u00a0\u00bbexpanded\u00a0\u00bb align=\u00a0\u00bbleft\u00a0\u00bb size=\u00a0\u00bblarge\u00a0\u00bb color=\u00a0\u00bbblue\u00a0\u00bb href=\u00a0\u00bb#\u00a0\u00bb class=\u00a0\u00bbproxorM42n7f3&Prime; custom_background=\u00a0\u00bb#20609f\u00a0\u00bb custom_color=\u00a0\u00bb#ffffff\u00a0\u00bb custom_hover_background=\u00a0\u00bb#ffffff\u00a0\u00bb custom_hover_color=\u00a0\u00bb#000000&Prime;]Retour[\/vcex_button][\/vc_column_inner][\/vc_row_inner][\/vc_column][\/vc_row][vc_row margin_left=\u00a0\u00bb5px\u00a0\u00bb][vc_column][vc_empty_space height=\u00a0\u00bb20px\u00a0\u00bb][vc_row_inner][vc_column_inner][vc_column_text]Un des premiers choix des professionnels, les g\u00e9n\u00e9ratrices industrielles Subaru sont aliment\u00e9es par des&hellip;<\/p>\n","protected":false},"author":1,"featured_media":0,"parent":24289,"menu_order":0,"comment_status":"open","ping_status":"closed","template":"","meta":[],"_links":{"self":[{"href":"https:\/\/subaruequip.ca\/fr\/wp-json\/wp\/v2\/pages\/24277\/"}],"collection":[{"href":"https:\/\/subaruequip.ca\/fr\/wp-json\/wp\/v2\/pages\/"}],"about":[{"href":"https:\/\/subaruequip.ca\/fr\/wp-json\/wp\/v2\/types\/page\/"}],"author":[{"embeddable":true,"href":"https:\/\/subaruequip.ca\/fr\/wp-json\/wp\/v2\/users\/1\/"}],"replies":[{"embeddable":true,"href":"https:\/\/subaruequip.ca\/fr\/wp-json\/wp\/v2\/comments\/?post=24277"}],"version-history":[{"count":0,"href":"https:\/\/subaruequip.ca\/fr\/wp-json\/wp\/v2\/pages\/24277\/revisions\/"}],"up":[{"embeddable":true,"href":"https:\/\/subaruequip.ca\/fr\/wp-json\/wp\/v2\/pages\/24289\/"}],"wp:attachment":[{"href":"https:\/\/subaruequip.ca\/fr\/wp-json\/wp\/v2\/media\/?parent=24277"}],"curies":[{"name":"wp","href":"https:\/\/api.w.org\/{rel}","templated":true}]}}