{"id":24281,"date":"2014-08-04T19:38:03","date_gmt":"2014-08-04T19:38:03","guid":{"rendered":"http:\/\/subaruequip.ca\/products\/engines\/sp-series-features-benefits\/?lang=fr"},"modified":"2017-03-15T20:40:27","modified_gmt":"2017-03-15T20:40:27","slug":"serie-sp-caracteristiques-avantages","status":"publish","type":"page","link":"https:\/\/subaruequip.ca\/fr\/produits\/moteurs\/serie-sp-caracteristiques-avantages\/","title":{"rendered":"S\u00e9rie SP Caract\u00e9ristiques &#038; avantages"},"content":{"rendered":"<div class=\"wpb-content-wrapper\">[vc_row][vc_column][vc_empty_space height=\u00a0\u00bb30px\u00a0\u00bb][\/vc_column][\/vc_row][vc_row][vc_column width=\u00a0\u00bb5\/6&Prime;][vc_column_text]<span style=\"font-size: 36px; color: #56564c;\"><strong>S\u00e9rie SP <\/strong>&#8211; Caract\u00e9ristiques &amp; avantages<br \/>\n<\/span>[\/vc_column_text][\/vc_column][vc_column width=\u00a0\u00bb1\/6&Prime;][vc_row_inner][vc_column_inner width=\u00a0\u00bb1\/2&Prime;]\n[\/vc_column_inner][vc_column_inner width=\u00a0\u00bb1\/2&Prime;][vcex_button url=\u00a0\u00bbhttp:\/\/subaruequip.ca\/fr\/produits\/moteurs\/sp170-moteur-arbre-cames-en-tete-ohc\/\u00a0\u00bb title=\u00a0\u00bbRetour\u00a0\u00bb style=\u00a0\u00bbflat\u00a0\u00bb layout=\u00a0\u00bbexpanded\u00a0\u00bb align=\u00a0\u00bbleft\u00a0\u00bb size=\u00a0\u00bblarge\u00a0\u00bb color=\u00a0\u00bbblue\u00a0\u00bb href=\u00a0\u00bb#\u00a0\u00bb class=\u00a0\u00bbproxorM42n7f3&Prime; custom_background=\u00a0\u00bb#20609f\u00a0\u00bb custom_color=\u00a0\u00bb#ffffff\u00a0\u00bb custom_hover_background=\u00a0\u00bb#ffffff\u00a0\u00bb custom_hover_color=\u00a0\u00bb#000000&Prime;]Retour[\/vcex_button][\/vc_column_inner][\/vc_row_inner][\/vc_column][\/vc_row][vc_row][vc_column][vc_empty_space height=\u00a0\u00bb20px\u00a0\u00bb][vc_row_inner][vc_column_inner][vc_column_text]<span style=\"font-size: 16px;\">La s\u00e9rie de moteur SP \u00e0 air refroidi utilise la technologie de cha\u00eene d&rsquo;entrainement de l&rsquo;arbre en cames de Subaru. Ces moteurs sont extr\u00eamement compatibles, faciles \u00e0 installer et faciles d&rsquo;interchanger avec la plupart des moteurs \u00e0 cylindres inclin\u00e9s. Les moteurs SP sont id\u00e9aux pour alimenter les laveurs \u00e0 pressions, les laboureurs, les go-karts et les meuleuses.<\/span>[\/vc_column_text][\/vc_column_inner][\/vc_row_inner][vc_separator][\/vc_column][\/vc_row][vc_row][vc_column][vc_row_inner][vc_column_inner width=\u00a0\u00bb1\/4&Prime;][vc_raw_html]\n<p>JTNDcCUzRSUzQyUyRnAlM0U=<\/p>\n[\/vc_raw_html][\/vc_column_inner][vc_column_inner width=\u00a0\u00bb1\/2&Prime;]<div style=\"width:;\" class=\"cqtooltip-wrapper \" data-opacity=\"1\" data-tooltipanimation=\"grow\" data-tooltipstyle=\"shadow\" data-trigger=\"hover\" data-maxwidth=\"240\" data-marginoffset=\"\" data-isdisplayall=\"off\" data-displayednum=\"1\"><img src=\"https:\/\/subaruequip.ca\/wp-content\/uploads\/2014\/07\/subaru-engines-ex-cutaway.jpg\" \/><div class=\"cq-hotspots\"><div class=\"hotspot-item pulse-yellow \" style=\"top:45%;left:67%;\" data-top=\"45%\" data-left=\"67%\"><a href=\"#\" class=\"cq-tooltip\" style=\"background:#20609f;\" data-tooltip=\"&lt;h4&gt;Efficacit\u00e9&lt;\/h4&gt;\n&lt;p&gt;&lt;img decoding=&quot;async&quot; loading=&quot;lazy&quot; class=&quot;alignnone size-full wp-image-561&quot; src=&quot;\/wp-content\/uploads\/2014\/07\/subaru-engines-combustion-chamber.jpg&quot; alt=&quot;subaru-engines-combustion-chamber&quot; width=&quot;260&quot; height=&quot;255&quot; \/&gt;&lt;\/p&gt;\n&lt;p&gt;La technologie de l&amp;rsquo;arbre en cames et le d\u00f4me renferm\u00e9 de la chambre de combustion permettent au moteur d&amp;rsquo;utiliser un ration de compression de 9:1, ce qui augmente la puissance et am\u00e9liore l&amp;rsquo;efficacit\u00e9 de la performance globale.&lt;\/p&gt;\" data-arrowposition=\"left\"><span style=\"background:#ffffff;\"><\/span><\/a><\/div><div class=\"hotspot-item pulse-yellow \" style=\"top:55%;left:65%;\" data-top=\"55%\" data-left=\"65%\"><a href=\"#\" class=\"cq-tooltip\" style=\"background:#20609f;\" data-tooltip=\"&lt;h4&gt;Durabilit\u00e9&lt;\/h4&gt;\n&lt;p&gt;&lt;img decoding=&quot;async&quot; loading=&quot;lazy&quot; class=&quot;alignnone wp-image-559&quot; src=&quot;\/wp-content\/uploads\/2014\/07\/subaru-engines-cast-iron-cylinder-liner.jpg&quot; alt=&quot;subaru-engines-cast-iron-cylinder-liner&quot; width=&quot;260&quot; height=&quot;255&quot; srcset=&quot;https:\/\/subaruequip.ca\/wp-content\/uploads\/2014\/07\/subaru-engines-cast-iron-cylinder-liner.jpg 750w, https:\/\/subaruequip.ca\/wp-content\/uploads\/2014\/07\/subaru-engines-cast-iron-cylinder-liner-300x294.jpg 300w&quot; sizes=&quot;(max-width: 260px) 100vw, 260px&quot; \/&gt;&lt;\/p&gt;\n&lt;p&gt;Le bloc moteur en alliage d&amp;rsquo;aluminium avec chemise de cylindre en fonte augmente la fiabilit\u00e9 et la long\u00e9tivit\u00e9 du moteur.&lt;\/p&gt;\n&lt;p&gt;Les chemises de cylindre en fonte et am\u00e9liorent la fiabilit\u00e9 et le rendement ainsi que le vilebrequin support\u00e9 par un double roulement \u00e0 billes offre des performances fiables dans les pires conditions.&lt;\/p&gt;\" data-arrowposition=\"right\"><span style=\"background:#ffffff;\"><\/span><\/a><\/div><div class=\"hotspot-item pulse-yellow \" style=\"top:35%;left:60%;\" data-top=\"35%\" data-left=\"60%\"><a href=\"#\" class=\"cq-tooltip\" style=\"background:#20609f;\" data-tooltip=\"&lt;h4&gt;Refroidissement avanc\u00e9&lt;\/h4&gt;\n&lt;p&gt;&lt;img decoding=&quot;async&quot; loading=&quot;lazy&quot; class=&quot;alignnone size-full wp-image-562&quot; src=&quot;\/wp-content\/uploads\/2014\/07\/subaru-engines-cooling-fins.jpg&quot; alt=&quot;subaru-engines-cooling-fins&quot; width=&quot;260&quot; height=&quot;255&quot; \/&gt;&lt;\/p&gt;\n&lt;p&gt;Le desing de l&amp;rsquo;arbre en cames maximise la zone de refroidissement am\u00e9liorant ainsi la performence. Il permet aussi une rotation de l&amp;rsquo;air de 360 degr\u00e9s atour de l&amp;rsquo;\u00e9chappement et de la soupape d&amp;rsquo;admission.&lt;\/p&gt;\" data-arrowposition=\"left\"><span style=\"background:#ffffff;\"><\/span><\/a><\/div><div class=\"hotspot-item pulse-yellow \" style=\"top:10%;left:75%;\" data-top=\"10%\" data-left=\"75%\"><a href=\"#\" class=\"cq-tooltip\" style=\"background:#20609f;\" data-tooltip=\"&lt;h4&gt;Op\u00e9ration silencieuse&lt;\/h4&gt;\n&lt;p&gt;&lt;img decoding=&quot;async&quot; loading=&quot;lazy&quot; class=&quot;alignnone size-full wp-image-565&quot; src=&quot;\/wp-content\/uploads\/2014\/07\/subaru-engines-ridgid-muffler.jpg&quot; alt=&quot;subaru-engines-ridgid-muffler&quot; width=&quot;260&quot; height=&quot;255&quot; \/&gt;&lt;\/p&gt;\n&lt;p&gt;Un silencieux \u00e0 la capacit\u00e9 optimis\u00e9e et 33 pourcents moins de pi\u00e8ces mobiles des trains de soupape que le mod\u00e8le de soupape en t\u00eate \u00e9quivaut \u00e0 une diminution de deux d\u00e9cibels plus bas que les mod\u00e8les de la comp\u00e9tition.&lt;\/p&gt;\" data-arrowposition=\"right\"><span style=\"background:#ffffff;\"><\/span><\/a><\/div><div class=\"hotspot-item pulse-yellow \" style=\"top:53%;left:80%;\" data-top=\"53%\" data-left=\"80%\"><a href=\"#\" class=\"cq-tooltip\" style=\"background:#20609f;\" data-tooltip=\"&lt;h4&gt;Technologie de l&amp;rsquo;arbre \u00e0\u00a0cames&lt;\/h4&gt;\n&lt;p&gt;&lt;img decoding=&quot;async&quot; loading=&quot;lazy&quot; class=&quot;alignnone size-full wp-image-560&quot; src=&quot;\/wp-content\/uploads\/2014\/07\/subaru-engines-chain-driven-overhead-cam.jpg&quot; alt=&quot;subaru-engines-chain-driven-overhead-cam&quot; width=&quot;260&quot; height=&quot;255&quot; \/&gt;&lt;\/p&gt;\n&lt;p&gt;Technologie leader de l&amp;rsquo;industrie offrant une puissance sup\u00e9rieure et plus de fiabilit\u00e9 comparativement aux moteurs comp\u00e9titifs.&lt;\/p&gt;\n&lt;p&gt;Le\u00a0design permet \u00e0 l&amp;rsquo;\u00e9chappement et \u00e0 la soupape d&amp;rsquo;admission d&amp;rsquo;\u00eatre positionn\u00e9s pour des performences optimum.&lt;\/p&gt;\n&lt;p&gt;Le dispositif d&amp;rsquo;entr\u00e9e d&amp;rsquo;air qui maintient s\u00e9par\u00e9s l&amp;rsquo;huile et l&amp;rsquo;air est id\u00e9al pour am\u00e9liorer la puissance et l&amp;rsquo;efficacit\u00e9, tout en r\u00e9duisant les \u00e9missions.&lt;\/p&gt;\" data-arrowposition=\"right\"><span style=\"background:#ffffff;\"><\/span><\/a><\/div><\/div><\/div>[\/vc_column_inner][vc_column_inner width=\u00a0\u00bb1\/4&Prime;][vc_raw_html]\n<p>JTNDcCUzRSUzQyUyRnAlM0U=<\/p>\n[\/vc_raw_html][\/vc_column_inner][\/vc_row_inner][vc_empty_space height=\u00a0\u00bb30px\u00a0\u00bb][vc_separator][\/vc_column][\/vc_row][vc_row][vc_column width=\u00a0\u00bb1\/3&Prime;][vc_row_inner][vc_column_inner width=\u00a0\u00bb1\/3&Prime;][vc_single_image image=\u00a0\u00bb584&Prime; alignment=\u00a0\u00bbnone\u00a0\u00bb img_filter=\u00a0\u00bbnone\u00a0\u00bb][\/vc_column_inner][vc_column_inner width=\u00a0\u00bb2\/3&Prime;]<div class='avgrund-container' data-width='275' data-textcolor='#333333' data-background='#ffffff' data-loadedvisible='' data-margintop='40' data-popupposition='fixed'><div class='avgrund-popup'>\n              <div class='avgrund-content'>\n                <a href=\"\/wp-content\/uploads\/2014\/07\/subaru-engines-cast-iron-cylinder-liner.jpg\"><img decoding=\"async\" loading=\"lazy\" class=\"alignnone size-medium wp-image-559\" src=\"\/wp-content\/uploads\/2014\/07\/subaru-engines-cast-iron-cylinder-liner-300x294.jpg\" alt=\"subaru-engines-cast-iron-cylinder-liner\" width=\"300\" height=\"294\" srcset=\"https:\/\/subaruequip.ca\/wp-content\/uploads\/2014\/07\/subaru-engines-cast-iron-cylinder-liner-300x294.jpg 300w, https:\/\/subaruequip.ca\/wp-content\/uploads\/2014\/07\/subaru-engines-cast-iron-cylinder-liner.jpg 750w\" sizes=\"(max-width: 300px) 100vw, 300px\" \/><\/a><\/p>\n<p>Le bloc moteur en alliage d&rsquo;aluminium avec chemise de cylindre en fonte augmente la fiabilit\u00e9 et la long\u00e9tivit\u00e9 du moteur.<\/p>\n<p>Les chemises de cylindre en fonte et am\u00e9liorent la fiabilit\u00e9 et le rendement ainsi que le vilebrequin support\u00e9 par un double roulement \u00e0 billes offre des performances fiables dans les pires conditions.\n              <\/div>\n              <a href='#' class='avgrund-close'><img width='24' height='24' src='https:\/\/subaruequip.ca\/wp-content\/plugins\/vc-extensions-bundle\/depthmodal\/img\/close.png' alt='close' \/><\/a>\n            <\/div><div class='avgrund-cover'><\/div><a href='#' class='avgrund-btn'>[vcex_spacing size=\"15px\"]<span style=\"font-size: 16px; font-weight:bold; text-transform:uppercase;\">Durability<\/span>\n<\/a><\/div>[\/vc_column_inner][\/vc_row_inner][\/vc_column][vc_column width=\u00a0\u00bb1\/3&Prime;][vc_row_inner][vc_column_inner width=\u00a0\u00bb1\/3&Prime;][vc_single_image image=\u00a0\u00bb574&Prime; alignment=\u00a0\u00bbnone\u00a0\u00bb img_filter=\u00a0\u00bbnone\u00a0\u00bb][\/vc_column_inner][vc_column_inner width=\u00a0\u00bb2\/3&Prime;]<div class='avgrund-container' data-width='275' data-textcolor='#333333' data-background='#ffffff' data-loadedvisible='' data-margintop='40' data-popupposition='fixed'><div class='avgrund-popup'>\n              <div class='avgrund-content'>\n                <a href=\"\/wp-content\/uploads\/2014\/07\/subaru-engines-combustion-chamber.jpg\"><img decoding=\"async\" loading=\"lazy\" class=\"alignnone size-full wp-image-561\" src=\"\/wp-content\/uploads\/2014\/07\/subaru-engines-combustion-chamber.jpg\" alt=\"subaru-engines-combustion-chamber\" width=\"260\" height=\"255\" \/><\/a><\/p>\n<p>La technologie de l&rsquo;arbre en cames et le d\u00f4me renferm\u00e9 de la chambre de combustion permettent au moteur d&rsquo;utiliser un ration de compression de 9:1, ce qui augmente la puissance et am\u00e9liore l&rsquo;efficacit\u00e9 de la performance globale.\n              <\/div>\n              <a href='#' class='avgrund-close'><img width='24' height='24' src='https:\/\/subaruequip.ca\/wp-content\/plugins\/vc-extensions-bundle\/depthmodal\/img\/close.png' alt='close' \/><\/a>\n            <\/div><div class='avgrund-cover'><\/div><a href='#' class='avgrund-btn'>[vcex_spacing size=\"15px\"]<span style=\"font-size: 16px; font-weight:bold; text-transform:uppercase;\">Efficiency<\/span>\n<\/a><\/div>[\/vc_column_inner][\/vc_row_inner][\/vc_column][vc_column width=\u00a0\u00bb1\/3&Prime;][vc_row_inner][vc_column_inner width=\u00a0\u00bb1\/3&Prime;][vc_single_image image=\u00a0\u00bb575&Prime; alignment=\u00a0\u00bbnone\u00a0\u00bb img_filter=\u00a0\u00bbnone\u00a0\u00bb][\/vc_column_inner][vc_column_inner width=\u00a0\u00bb2\/3&Prime;]<div class='avgrund-container' data-width='275' data-textcolor='#333333' data-background='#ffffff' data-loadedvisible='' data-margintop='40' data-popupposition='fixed'><div class='avgrund-popup'>\n              <div class='avgrund-content'>\n                <a href=\"\/wp-content\/uploads\/2014\/07\/subaru-engines-cooling-fins.jpg\"><img decoding=\"async\" loading=\"lazy\" class=\"alignnone size-full wp-image-562\" src=\"\/wp-content\/uploads\/2014\/07\/subaru-engines-cooling-fins.jpg\" alt=\"subaru-engines-cooling-fins\" width=\"260\" height=\"255\" \/><\/a><\/p>\n<p>Le desing de l&rsquo;arbre en cames maximise la zone de refroidissement am\u00e9liorant ainsi la performence. Il permet aussi une rotation de l&rsquo;air de 360 degr\u00e9s atour de l&rsquo;\u00e9chappement et de la soupape d&rsquo;admission.\n              <\/div>\n              <a href='#' class='avgrund-close'><img width='24' height='24' src='https:\/\/subaruequip.ca\/wp-content\/plugins\/vc-extensions-bundle\/depthmodal\/img\/close.png' alt='close' \/><\/a>\n            <\/div><div class='avgrund-cover'><\/div><a href='#' class='avgrund-btn'>[vcex_spacing size=\"15px\"]<span style=\"font-size: 16px; font-weight:bold; text-transform:uppercase;\">Advanced Cooling<\/span>\n<\/a><\/div>[\/vc_column_inner][\/vc_row_inner][\/vc_column][\/vc_row][vc_row][vc_column][vc_separator][vc_empty_space height=\u00a0\u00bb15&Prime;][\/vc_column][\/vc_row][vc_row][vc_column width=\u00a0\u00bb1\/3&Prime;][vc_row_inner][vc_column_inner width=\u00a0\u00bb1\/3&Prime;][vc_single_image image=\u00a0\u00bb578&Prime; alignment=\u00a0\u00bbnone\u00a0\u00bb img_filter=\u00a0\u00bbnone\u00a0\u00bb][\/vc_column_inner][vc_column_inner width=\u00a0\u00bb2\/3&Prime;]<div class='avgrund-container' data-width='275' data-textcolor='#333333' data-background='#ffffff' data-loadedvisible='' data-margintop='40' data-popupposition='fixed'><div class='avgrund-popup'>\n              <div class='avgrund-content'>\n                <a href=\"\/wp-content\/uploads\/2014\/07\/subaru-engines-ridgid-muffler.jpg\"><img decoding=\"async\" loading=\"lazy\" class=\"alignnone size-full wp-image-565\" src=\"\/wp-content\/uploads\/2014\/07\/subaru-engines-ridgid-muffler.jpg\" alt=\"subaru-engines-ridgid-muffler\" width=\"260\" height=\"255\" \/><\/a><\/p>\n<p>Un silencieux \u00e0 la capacit\u00e9 optimis\u00e9e et 33 pourcents moins de pi\u00e8ces mobiles des trains de soupape que le mod\u00e8le de soupape en t\u00eate \u00e9quivaut \u00e0 une diminution de deux d\u00e9cibels plus bas que les mod\u00e8les de la comp\u00e9tition.\n              <\/div>\n              <a href='#' class='avgrund-close'><img width='24' height='24' src='https:\/\/subaruequip.ca\/wp-content\/plugins\/vc-extensions-bundle\/depthmodal\/img\/close.png' alt='close' \/><\/a>\n            <\/div><div class='avgrund-cover'><\/div><a href='#' class='avgrund-btn'>[vcex_spacing size=\"15px\"]<span style=\"font-size: 16px; font-weight:bold; text-transform:uppercase;\">Quiet Operation<\/span>\n<\/a><\/div>[\/vc_column_inner][\/vc_row_inner][\/vc_column][vc_column width=\u00a0\u00bb1\/3&Prime;][vc_row_inner][vc_column_inner width=\u00a0\u00bb1\/3&Prime;][vc_single_image image=\u00a0\u00bb573&Prime; alignment=\u00a0\u00bbnone\u00a0\u00bb img_filter=\u00a0\u00bbnone\u00a0\u00bb][\/vc_column_inner][vc_column_inner width=\u00a0\u00bb2\/3&Prime;]<div class='avgrund-container' data-width='275' data-textcolor='#333333' data-background='#ffffff' data-loadedvisible='' data-margintop='40' data-popupposition='fixed'><div class='avgrund-popup'>\n              <div class='avgrund-content'>\n                <a href=\"\/wp-content\/uploads\/2014\/07\/subaru-engines-chain-driven-overhead-cam.jpg\"><img decoding=\"async\" loading=\"lazy\" class=\"alignnone size-full wp-image-560\" src=\"\/wp-content\/uploads\/2014\/07\/subaru-engines-chain-driven-overhead-cam.jpg\" alt=\"subaru-engines-chain-driven-overhead-cam\" width=\"260\" height=\"255\" \/><\/a><\/p>\n<p>&nbsp;<\/p>\n<p>Technologie leader de l&rsquo;industrie offrant une puissance sup\u00e9rieure et plus de fiabilit\u00e9 comparativement aux moteurs comp\u00e9titifs.<\/p>\n<p>Le\u00a0design permet \u00e0 l&rsquo;\u00e9chappement et \u00e0 la soupape d&rsquo;admission d&rsquo;\u00eatre positionn\u00e9s pour des performences optimum.<\/p>\n<p>Le dispositif d&rsquo;entr\u00e9e d&rsquo;air qui maintient s\u00e9par\u00e9s l&rsquo;huile et l&rsquo;air est id\u00e9al pour am\u00e9liorer la puissance et l&rsquo;efficacit\u00e9, tout en r\u00e9duisant les \u00e9missions.\n              <\/div>\n              <a href='#' class='avgrund-close'><img width='24' height='24' src='https:\/\/subaruequip.ca\/wp-content\/plugins\/vc-extensions-bundle\/depthmodal\/img\/close.png' alt='close' \/><\/a>\n            <\/div><div class='avgrund-cover'><\/div><a href='#' class='avgrund-btn'>[vcex_spacing size=\"15px\"]<span style=\"font-size: 16px; font-weight:bold; text-transform:uppercase;\">Overhead Cam Technology<\/span>\n<\/a><\/div>[\/vc_column_inner][\/vc_row_inner][\/vc_column][vc_column width=\u00a0\u00bb1\/3&Prime;][vc_column_text]\n[\/vc_column_text][\/vc_column][\/vc_row][vc_row][vc_column][vc_empty_space][\/vc_column][\/vc_row]\n<script language='javascript' type='text\/javascript'>function getWR360License(){return 'https:\/\/subaruequip.ca\/wp-content\/plugins\/webrotate-360-product-viewer\/license.lic';}function getWR360PopupSkin(){return 'pp_default';}function getWR360GraphicsPath(){return 'https:\/\/subaruequip.ca\/wp-content\/plugins\/webrotate-360-product-viewer\/imagerotator\/html\/img\/thin';}<\/script><\/div> ","protected":false},"excerpt":{"rendered":"<p>[vc_row][vc_column][vc_empty_space height=\u00a0\u00bb30px\u00a0\u00bb][\/vc_column][\/vc_row][vc_row][vc_column width=\u00a0\u00bb5\/6&Prime;][vc_column_text]S\u00e9rie SP &#8211; Caract\u00e9ristiques &amp; avantages [\/vc_column_text][\/vc_column][vc_column width=\u00a0\u00bb1\/6&Prime;][vc_row_inner][vc_column_inner width=\u00a0\u00bb1\/2&Prime;] [\/vc_column_inner][vc_column_inner width=\u00a0\u00bb1\/2&Prime;][vcex_button url=\u00a0\u00bbhttp:\/\/subaruequip.ca\/fr\/produits\/moteurs\/sp170-moteur-arbre-cames-en-tete-ohc\/\u00a0\u00bb title=\u00a0\u00bbRetour\u00a0\u00bb style=\u00a0\u00bbflat\u00a0\u00bb layout=\u00a0\u00bbexpanded\u00a0\u00bb align=\u00a0\u00bbleft\u00a0\u00bb size=\u00a0\u00bblarge\u00a0\u00bb color=\u00a0\u00bbblue\u00a0\u00bb href=\u00a0\u00bb#\u00a0\u00bb class=\u00a0\u00bbproxorM42n7f3&Prime; custom_background=\u00a0\u00bb#20609f\u00a0\u00bb custom_color=\u00a0\u00bb#ffffff\u00a0\u00bb custom_hover_background=\u00a0\u00bb#ffffff\u00a0\u00bb custom_hover_color=\u00a0\u00bb#000000&Prime;]Retour[\/vcex_button][\/vc_column_inner][\/vc_row_inner][\/vc_column][\/vc_row][vc_row][vc_column][vc_empty_space height=\u00a0\u00bb20px\u00a0\u00bb][vc_row_inner][vc_column_inner][vc_column_text]La s\u00e9rie de moteur SP \u00e0 air refroidi utilise la technologie de cha\u00eene d&rsquo;entrainement&hellip;<\/p>\n","protected":false},"author":1,"featured_media":0,"parent":24119,"menu_order":0,"comment_status":"open","ping_status":"closed","template":"","meta":[],"_links":{"self":[{"href":"https:\/\/subaruequip.ca\/fr\/wp-json\/wp\/v2\/pages\/24281\/"}],"collection":[{"href":"https:\/\/subaruequip.ca\/fr\/wp-json\/wp\/v2\/pages\/"}],"about":[{"href":"https:\/\/subaruequip.ca\/fr\/wp-json\/wp\/v2\/types\/page\/"}],"author":[{"embeddable":true,"href":"https:\/\/subaruequip.ca\/fr\/wp-json\/wp\/v2\/users\/1\/"}],"replies":[{"embeddable":true,"href":"https:\/\/subaruequip.ca\/fr\/wp-json\/wp\/v2\/comments\/?post=24281"}],"version-history":[{"count":0,"href":"https:\/\/subaruequip.ca\/fr\/wp-json\/wp\/v2\/pages\/24281\/revisions\/"}],"up":[{"embeddable":true,"href":"https:\/\/subaruequip.ca\/fr\/wp-json\/wp\/v2\/pages\/24119\/"}],"wp:attachment":[{"href":"https:\/\/subaruequip.ca\/fr\/wp-json\/wp\/v2\/media\/?parent=24281"}],"curies":[{"name":"wp","href":"https:\/\/api.w.org\/{rel}","templated":true}]}}