{"id":24396,"date":"2014-09-30T20:46:38","date_gmt":"2014-09-30T20:46:38","guid":{"rendered":"http:\/\/subaruequip.ca\/products\/generators\/rgv12100-industrial-generator\/rgv12100-technical-information\/?lang=fr"},"modified":"2017-03-15T20:02:46","modified_gmt":"2017-03-15T20:02:46","slug":"rgv12100-information-technique","status":"publish","type":"page","link":"https:\/\/subaruequip.ca\/fr\/produits\/generatrices\/rgv12100-generatrice-industrielle\/rgv12100-information-technique\/","title":{"rendered":"RGV12100 Information technique"},"content":{"rendered":"Vous devez \u00eatre connect\u00e9 pour voir ce contenu.","protected":false},"excerpt":{"rendered":"Vous devez \u00eatre connect\u00e9 pour voir ce contenu.","protected":false},"author":1,"featured_media":0,"parent":24394,"menu_order":0,"comment_status":"open","ping_status":"closed","template":"","meta":[],"_links":{"self":[{"href":"https:\/\/subaruequip.ca\/fr\/wp-json\/wp\/v2\/pages\/24396\/"}],"collection":[{"href":"https:\/\/subaruequip.ca\/fr\/wp-json\/wp\/v2\/pages\/"}],"about":[{"href":"https:\/\/subaruequip.ca\/fr\/wp-json\/wp\/v2\/types\/page\/"}],"author":[{"embeddable":true,"href":"https:\/\/subaruequip.ca\/fr\/wp-json\/wp\/v2\/users\/1\/"}],"replies":[{"embeddable":true,"href":"https:\/\/subaruequip.ca\/fr\/wp-json\/wp\/v2\/comments\/?post=24396"}],"version-history":[{"count":0,"href":"https:\/\/subaruequip.ca\/fr\/wp-json\/wp\/v2\/pages\/24396\/revisions\/"}],"up":[{"embeddable":true,"href":"https:\/\/subaruequip.ca\/fr\/wp-json\/wp\/v2\/pages\/24394\/"}],"wp:attachment":[{"href":"https:\/\/subaruequip.ca\/fr\/wp-json\/wp\/v2\/media\/?parent=24396"}],"curies":[{"name":"wp","href":"https:\/\/api.w.org\/{rel}","templated":true}]}}